{"id":1250,"date":"2022-03-01T18:30:46","date_gmt":"2022-03-01T18:30:46","guid":{"rendered":"http:\/\/wp.weidaland.com\/?page_id=1250"},"modified":"2022-06-22T18:01:57","modified_gmt":"2022-06-22T18:01:57","slug":"unternehmen","status":"publish","type":"page","link":"https:\/\/weidaland.com\/","title":{"rendered":"Unternehmen"},"content":{"rendered":"\n<p class=\"has-medium-font-size\">Weidaland Agrarhandel GmbH ist ein deutsches Unternehmen, das im Oktober 1999 gegr\u00fcndet wurde.<\/p>\n\n\n\n<p class=\"has-medium-font-size\">Gegenstand des Unternehmens ist:<\/p>\n\n\n\n<ul class=\"has-medium-font-size wp-block-list\"><li>der Aufkauf, die Aufbereitung, die Lagerung und der Vertrieb qualit\u00e4tsgerechter landwirtschaftlicher Produkte.<\/li><li>der Im \u2013 und Export landwirtschaftlicher Produkte jeglicher Art.<\/li><\/ul>\n\n\n\n<p class=\"has-medium-font-size\">Das Unternehmen wurde gegr\u00fcndet von:<\/p>\n\n\n\n<ul class=\"has-medium-font-size wp-block-list\"><li>Angelika Arndt, Dipl.-Ing (FH)<\/li><li>Hans-Joachim Arndt, Dipl. \u00d6k. agr.<\/li><\/ul>\n\n\n\n<p class=\"has-medium-font-size\">Aus Altersgr\u00fcnden sind die Gr\u00fcndungsmitglieder am 31.03.2022 aus dem Unternehmen ausgeschieden und als neue Gesellschafter fungieren:<\/p>\n\n\n\n<ul class=\"has-medium-font-size wp-block-list\"><li>Romy Mielke<\/li><li>Kati Vogel-Schreiber<\/li><\/ul>\n\n\n\n<p class=\"has-medium-font-size\">Die Weidaland Agrarhandel GmbH ist europaweit t\u00e4tig, wobei sich das Hauptklientel in Deutschland und den Niederlanden befindet.<\/p>\n\n\n\n<p class=\"has-medium-font-size\">Wir arbeiten unter Qualit\u00e4tssicherheitsstandards.<\/p>\n\n\n\n<p class=\"has-medium-font-size\">Am 16.12.2009 hat die Weidaland Agrarhandel GmbH erfolgreich die QS-Kriterien des Qualit\u00e4tssicherungssystems (QS) f\u00fcr Obst, Gem\u00fcse und Kartoffeln in der Stufe Gro\u00dfhandel erf\u00fcllt.<\/p>\n\n\n\n<p class=\"has-medium-font-size\">Die \u00d6ko-Kontrollstelle DE-\u00d6ko-060 der QAL GmbH hat am 03.08.2011 der Weidaland Agrarhandel GmbH das Zertifikat zum Handel mit \u00f6kologischen\/biologischen Zwiebeln und Kartoffeln erteilt.<\/p>\n","protected":false},"excerpt":{"rendered":"<p>Weidaland Agrarhandel GmbH ist ein deutsches Unternehmen, das im Oktober 1999 gegr\u00fcndet wurde. Gegenstand des Unternehmens ist: der Aufkauf, die Aufbereitung, die Lagerung und der Vertrieb qualit\u00e4tsgerechter landwirtschaftlicher Produkte. der Im \u2013 und Export landwirtschaftlicher Produkte jeglicher Art. Das Unternehmen wurde gegr\u00fcndet von: Angelika Arndt, Dipl.-Ing (FH) Hans-Joachim Arndt, Dipl. \u00d6k. agr. Aus Altersgr\u00fcnden sind [&hellip;]<\/p>\n","protected":false},"author":1,"featured_media":0,"parent":0,"menu_order":0,"comment_status":"closed","ping_status":"closed","template":"","meta":{"footnotes":""},"class_list":["post-1250","page","type-page","status-publish","hentry","post"],"_links":{"self":[{"href":"https:\/\/weidaland.com\/index.php?rest_route=\/wp\/v2\/pages\/1250","targetHints":{"allow":["GET"]}}],"collection":[{"href":"https:\/\/weidaland.com\/index.php?rest_route=\/wp\/v2\/pages"}],"about":[{"href":"https:\/\/weidaland.com\/index.php?rest_route=\/wp\/v2\/types\/page"}],"author":[{"embeddable":true,"href":"https:\/\/weidaland.com\/index.php?rest_route=\/wp\/v2\/users\/1"}],"replies":[{"embeddable":true,"href":"https:\/\/weidaland.com\/index.php?rest_route=%2Fwp%2Fv2%2Fcomments&post=1250"}],"version-history":[{"count":4,"href":"https:\/\/weidaland.com\/index.php?rest_route=\/wp\/v2\/pages\/1250\/revisions"}],"predecessor-version":[{"id":1334,"href":"https:\/\/weidaland.com\/index.php?rest_route=\/wp\/v2\/pages\/1250\/revisions\/1334"}],"wp:attachment":[{"href":"https:\/\/weidaland.com\/index.php?rest_route=%2Fwp%2Fv2%2Fmedia&parent=1250"}],"curies":[{"name":"wp","href":"https:\/\/api.w.org\/{rel}","templated":true}]}}